{"id":10,"date":"2025-03-10T14:24:51","date_gmt":"2025-03-10T14:24:51","guid":{"rendered":"https:\/\/kelnericetours.com\/?page_id=10"},"modified":"2025-09-08T10:20:00","modified_gmt":"2025-09-08T10:20:00","slug":"about","status":"publish","type":"page","link":"https:\/\/kelnericetours.com\/index.php\/about\/","title":{"rendered":"About Us"},"content":{"rendered":"\n<h3 class=\"wp-block-heading\"><strong>What does <em>Kelnerice <\/em>mean?<\/strong><\/h3>\n\n\n\n<p>We love exploring stories about historical Zagreb and all its quirks, especially stories made in the caf\u00e9 (Croatian <em>kavana<\/em>). During the period when a caf\u00e9 was the cultural institution, an empire of bohemianism, and a never-ending source of inspiration, numerous fascinating stories were written into the history of Zagreb.<\/p>\n\n\n\n<p>The word <em>kelner <\/em>comes from the German word <em>kellner<\/em> (eng. waiter) and it was used in Zagreb for decades. In Croatian, the word <em>kelnerice <\/em>means waitressess.<\/p>\n\n\n\n<p>In 1892, the Association of Innkeepers and Cafeteria Owners published a booklet with a detailed list of members according to the categories of occupations in catering establishments. Since the publication is in German, the names of the professions are the same. The well-known title <em>kellner<\/em>, which we were inspired by, is mainly used to designate the job.<\/p>\n\n\n\n<p>Thus, we will serve you with <a target=\"_blank\" href=\"https:\/\/kelnericetours.com\/index.php\/blog\/\" rel=\"noreferrer noopener\">the most interesting city stories<\/a>! \ud83d\ude42<\/p>\n\n\n\n<p><\/p>\n\n\n\n<div class=\"wp-block-media-text is-stacked-on-mobile is-image-fill-element\"><figure class=\"wp-block-media-text__media\"><img fetchpriority=\"high\" decoding=\"async\" width=\"606\" height=\"1024\" src=\"https:\/\/kelnericetours.com\/wp-content\/uploads\/2025\/05\/DSC_0176-04-606x1024.jpeg\" alt=\"\" class=\"wp-image-257 size-full\" style=\"object-position:49% 28%\" srcset=\"https:\/\/kelnericetours.com\/wp-content\/uploads\/2025\/05\/DSC_0176-04-606x1024.jpeg 606w, https:\/\/kelnericetours.com\/wp-content\/uploads\/2025\/05\/DSC_0176-04-178x300.jpeg 178w, https:\/\/kelnericetours.com\/wp-content\/uploads\/2025\/05\/DSC_0176-04-768x1297.jpeg 768w, https:\/\/kelnericetours.com\/wp-content\/uploads\/2025\/05\/DSC_0176-04-909x1536.jpeg 909w, https:\/\/kelnericetours.com\/wp-content\/uploads\/2025\/05\/DSC_0176-04.jpeg 940w\" sizes=\"(max-width: 606px) 100vw, 606px\" \/><\/figure><div class=\"wp-block-media-text__content\">\n<h2 class=\"wp-block-heading\"><strong>\u0110ur\u0111ica Vitkovi\u0107<\/strong><\/h2>\n\n\n\n<p>Founder of Kelnerice, licensed tour guide for Zagreb and Zagreb County, historian and croatologist. She loves to read, so she turned it into a job &#8211; proofreading, editing books, and creating themed city tours.<\/p>\n\n\n\n<p><\/p>\n<\/div><\/div>\n\n\n\n<hr class=\"wp-block-separator has-alpha-channel-opacity\"\/>\n\n\n\n<hr class=\"wp-block-separator has-alpha-channel-opacity\"\/>\n\n\n\n<div class=\"wp-block-media-text is-stacked-on-mobile is-image-fill-element\"><figure class=\"wp-block-media-text__media\"><img decoding=\"async\" width=\"768\" height=\"1024\" src=\"https:\/\/kelnericetours.com\/wp-content\/uploads\/2025\/07\/WhatsApp-Slika-2025-07-07-u-17.46.21_c2cac0e9-768x1024.jpg\" alt=\"\" class=\"wp-image-287 size-full\" style=\"object-position:42% 60%\" srcset=\"https:\/\/kelnericetours.com\/wp-content\/uploads\/2025\/07\/WhatsApp-Slika-2025-07-07-u-17.46.21_c2cac0e9-768x1024.jpg 768w, https:\/\/kelnericetours.com\/wp-content\/uploads\/2025\/07\/WhatsApp-Slika-2025-07-07-u-17.46.21_c2cac0e9-225x300.jpg 225w, https:\/\/kelnericetours.com\/wp-content\/uploads\/2025\/07\/WhatsApp-Slika-2025-07-07-u-17.46.21_c2cac0e9-1152x1536.jpg 1152w, https:\/\/kelnericetours.com\/wp-content\/uploads\/2025\/07\/WhatsApp-Slika-2025-07-07-u-17.46.21_c2cac0e9.jpg 1200w\" sizes=\"(max-width: 767px) 89vw, (max-width: 1000px) 54vw, (max-width: 1071px) 543px, 580px\" \/><\/figure><div class=\"wp-block-media-text__content\">\n<h2 class=\"wp-block-heading\"><strong>Pina<\/strong> <strong>Vitkovi\u0107<\/strong><\/h2>\n\n\n\n<p>Licensed barker and professional sock stealer.  She&#8217;s small but mighty and the true boss of the group. You may or may not encounter her on our tours, depending on whether she has better things to do.<\/p>\n<\/div><\/div>\n","protected":false},"excerpt":{"rendered":"<p>What does Kelnerice mean? We love exploring stories about historical Zagreb and all its quirks, especially stories made in the caf\u00e9 (Croatian kavana). During the period when a caf\u00e9 was the cultural institution, an empire of bohemianism, and a never-ending source of inspiration, numerous fascinating stories were written into the history of Zagreb. The word &hellip; <\/p>\n<p class=\"link-more\"><a href=\"https:\/\/kelnericetours.com\/index.php\/about\/\" class=\"more-link\">Continue reading<span class=\"screen-reader-text\"> &#8220;About Us&#8221;<\/span><\/a><\/p>\n","protected":false},"author":1,"featured_media":264,"parent":0,"menu_order":0,"comment_status":"closed","ping_status":"closed","template":"","meta":{"footnotes":""},"class_list":["post-10","page","type-page","status-publish","has-post-thumbnail","hentry"],"featured_image_url":{"thumbnail":"https:\/\/kelnericetours.com\/wp-content\/uploads\/2025\/05\/Brown-And-White-Simple-Universal-Sale-Coupon-Card-150x150.png","medium":"https:\/\/kelnericetours.com\/wp-content\/uploads\/2025\/05\/Brown-And-White-Simple-Universal-Sale-Coupon-Card-300x200.png","medium_large":"https:\/\/kelnericetours.com\/wp-content\/uploads\/2025\/05\/Brown-And-White-Simple-Universal-Sale-Coupon-Card-768x512.png","large":"https:\/\/kelnericetours.com\/wp-content\/uploads\/2025\/05\/Brown-And-White-Simple-Universal-Sale-Coupon-Card-1024x683.png","1536x1536":"https:\/\/kelnericetours.com\/wp-content\/uploads\/2025\/05\/Brown-And-White-Simple-Universal-Sale-Coupon-Card-1536x1024.png","2048x2048":"https:\/\/kelnericetours.com\/wp-content\/uploads\/2025\/05\/Brown-And-White-Simple-Universal-Sale-Coupon-Card.png","twentyseventeen-featured-image":"https:\/\/kelnericetours.com\/wp-content\/uploads\/2025\/05\/Brown-And-White-Simple-Universal-Sale-Coupon-Card.png","twentyseventeen-thumbnail-avatar":"https:\/\/kelnericetours.com\/wp-content\/uploads\/2025\/05\/Brown-And-White-Simple-Universal-Sale-Coupon-Card-100x100.png"},"post_author":"admin","assigned_categories":"English","yoast_head":"<!-- This site is optimized with the Yoast SEO plugin v27.5 - https:\/\/yoast.com\/product\/yoast-seo-wordpress\/ -->\n<title>About Us - Quirkiest Zagreb tours<\/title>\n<meta name=\"description\" content=\"Kelneric will take you on a quirky Zagreb themed tour, book your unforgettable experience now! Discover Zagreb in an unique way.\" \/>\n<meta name=\"robots\" content=\"index, follow, max-snippet:-1, max-image-preview:large, max-video-preview:-1\" \/>\n<link rel=\"canonical\" href=\"https:\/\/kelnericetours.com\/index.php\/about\/\" \/>\n<meta property=\"og:locale\" content=\"en_US\" \/>\n<meta property=\"og:type\" content=\"article\" \/>\n<meta property=\"og:title\" content=\"About Us - Quirkiest Zagreb tours\" \/>\n<meta property=\"og:description\" content=\"Kelneric will take you on a quirky Zagreb themed tour, book your unforgettable experience now! Discover Zagreb in an unique way.\" \/>\n<meta property=\"og:url\" content=\"https:\/\/kelnericetours.com\/index.php\/about\/\" \/>\n<meta property=\"og:site_name\" content=\"Quirkiest Zagreb tours\" \/>\n<meta property=\"article:publisher\" content=\"https:\/\/www.facebook.com\/profile.php?id=61565016084373\" \/>\n<meta property=\"article:modified_time\" content=\"2025-09-08T10:20:00+00:00\" \/>\n<meta property=\"og:image\" content=\"https:\/\/kelnericetours.com\/wp-content\/uploads\/2025\/05\/Brown-And-White-Simple-Universal-Sale-Coupon-Card.png\" \/>\n\t<meta property=\"og:image:width\" content=\"1800\" \/>\n\t<meta property=\"og:image:height\" content=\"1200\" \/>\n\t<meta property=\"og:image:type\" content=\"image\/png\" \/>\n<meta name=\"twitter:card\" content=\"summary_large_image\" \/>\n<meta name=\"twitter:label1\" content=\"Est. reading time\" \/>\n\t<meta name=\"twitter:data1\" content=\"2 minutes\" \/>\n<script type=\"application\/ld+json\" class=\"yoast-schema-graph\">{\"@context\":\"https:\\\/\\\/schema.org\",\"@graph\":[{\"@type\":\"WebPage\",\"@id\":\"https:\\\/\\\/kelnericetours.com\\\/index.php\\\/about\\\/\",\"url\":\"https:\\\/\\\/kelnericetours.com\\\/index.php\\\/about\\\/\",\"name\":\"About Us - Quirkiest Zagreb tours\",\"isPartOf\":{\"@id\":\"https:\\\/\\\/kelnericetours.com\\\/#website\"},\"primaryImageOfPage\":{\"@id\":\"https:\\\/\\\/kelnericetours.com\\\/index.php\\\/about\\\/#primaryimage\"},\"image\":{\"@id\":\"https:\\\/\\\/kelnericetours.com\\\/index.php\\\/about\\\/#primaryimage\"},\"thumbnailUrl\":\"https:\\\/\\\/kelnericetours.com\\\/wp-content\\\/uploads\\\/2025\\\/05\\\/Brown-And-White-Simple-Universal-Sale-Coupon-Card.png\",\"datePublished\":\"2025-03-10T14:24:51+00:00\",\"dateModified\":\"2025-09-08T10:20:00+00:00\",\"description\":\"Kelneric will take you on a quirky Zagreb themed tour, book your unforgettable experience now! Discover Zagreb in an unique way.\",\"breadcrumb\":{\"@id\":\"https:\\\/\\\/kelnericetours.com\\\/index.php\\\/about\\\/#breadcrumb\"},\"inLanguage\":\"en-US\",\"potentialAction\":[{\"@type\":\"ReadAction\",\"target\":[\"https:\\\/\\\/kelnericetours.com\\\/index.php\\\/about\\\/\"]}]},{\"@type\":\"ImageObject\",\"inLanguage\":\"en-US\",\"@id\":\"https:\\\/\\\/kelnericetours.com\\\/index.php\\\/about\\\/#primaryimage\",\"url\":\"https:\\\/\\\/kelnericetours.com\\\/wp-content\\\/uploads\\\/2025\\\/05\\\/Brown-And-White-Simple-Universal-Sale-Coupon-Card.png\",\"contentUrl\":\"https:\\\/\\\/kelnericetours.com\\\/wp-content\\\/uploads\\\/2025\\\/05\\\/Brown-And-White-Simple-Universal-Sale-Coupon-Card.png\",\"width\":1800,\"height\":1200},{\"@type\":\"BreadcrumbList\",\"@id\":\"https:\\\/\\\/kelnericetours.com\\\/index.php\\\/about\\\/#breadcrumb\",\"itemListElement\":[{\"@type\":\"ListItem\",\"position\":1,\"name\":\"Home\",\"item\":\"https:\\\/\\\/kelnericetours.com\\\/\"},{\"@type\":\"ListItem\",\"position\":2,\"name\":\"About Us\"}]},{\"@type\":\"WebSite\",\"@id\":\"https:\\\/\\\/kelnericetours.com\\\/#website\",\"url\":\"https:\\\/\\\/kelnericetours.com\\\/\",\"name\":\"Quirkiest Zagreb tours\",\"description\":\"Explore Zagreb with local quides\",\"publisher\":{\"@id\":\"https:\\\/\\\/kelnericetours.com\\\/#organization\"},\"alternateName\":\"Kelnerice Tours\",\"potentialAction\":[{\"@type\":\"SearchAction\",\"target\":{\"@type\":\"EntryPoint\",\"urlTemplate\":\"https:\\\/\\\/kelnericetours.com\\\/?s={search_term_string}\"},\"query-input\":{\"@type\":\"PropertyValueSpecification\",\"valueRequired\":true,\"valueName\":\"search_term_string\"}}],\"inLanguage\":\"en-US\"},{\"@type\":\"Organization\",\"@id\":\"https:\\\/\\\/kelnericetours.com\\\/#organization\",\"name\":\"Quirkiest Zagreb tours\",\"url\":\"https:\\\/\\\/kelnericetours.com\\\/\",\"logo\":{\"@type\":\"ImageObject\",\"inLanguage\":\"en-US\",\"@id\":\"https:\\\/\\\/kelnericetours.com\\\/#\\\/schema\\\/logo\\\/image\\\/\",\"url\":\"https:\\\/\\\/kelnericetours.com\\\/wp-content\\\/uploads\\\/2025\\\/03\\\/cropped-veseli-stari-zagreb-2.png\",\"contentUrl\":\"https:\\\/\\\/kelnericetours.com\\\/wp-content\\\/uploads\\\/2025\\\/03\\\/cropped-veseli-stari-zagreb-2.png\",\"width\":512,\"height\":512,\"caption\":\"Quirkiest Zagreb tours\"},\"image\":{\"@id\":\"https:\\\/\\\/kelnericetours.com\\\/#\\\/schema\\\/logo\\\/image\\\/\"},\"sameAs\":[\"https:\\\/\\\/www.facebook.com\\\/profile.php?id=61565016084373\",\"https:\\\/\\\/www.instagram.com\\\/kelnerice\\\/\",\"https:\\\/\\\/www.tiktok.com\\\/@kelnericetours\"]}]}<\/script>\n<!-- \/ Yoast SEO plugin. -->","yoast_head_json":{"title":"About Us - Quirkiest Zagreb tours","description":"Kelneric will take you on a quirky Zagreb themed tour, book your unforgettable experience now! Discover Zagreb in an unique way.","robots":{"index":"index","follow":"follow","max-snippet":"max-snippet:-1","max-image-preview":"max-image-preview:large","max-video-preview":"max-video-preview:-1"},"canonical":"https:\/\/kelnericetours.com\/index.php\/about\/","og_locale":"en_US","og_type":"article","og_title":"About Us - Quirkiest Zagreb tours","og_description":"Kelneric will take you on a quirky Zagreb themed tour, book your unforgettable experience now! Discover Zagreb in an unique way.","og_url":"https:\/\/kelnericetours.com\/index.php\/about\/","og_site_name":"Quirkiest Zagreb tours","article_publisher":"https:\/\/www.facebook.com\/profile.php?id=61565016084373","article_modified_time":"2025-09-08T10:20:00+00:00","og_image":[{"width":1800,"height":1200,"url":"https:\/\/kelnericetours.com\/wp-content\/uploads\/2025\/05\/Brown-And-White-Simple-Universal-Sale-Coupon-Card.png","type":"image\/png"}],"twitter_card":"summary_large_image","twitter_misc":{"Est. reading time":"2 minutes"},"schema":{"@context":"https:\/\/schema.org","@graph":[{"@type":"WebPage","@id":"https:\/\/kelnericetours.com\/index.php\/about\/","url":"https:\/\/kelnericetours.com\/index.php\/about\/","name":"About Us - Quirkiest Zagreb tours","isPartOf":{"@id":"https:\/\/kelnericetours.com\/#website"},"primaryImageOfPage":{"@id":"https:\/\/kelnericetours.com\/index.php\/about\/#primaryimage"},"image":{"@id":"https:\/\/kelnericetours.com\/index.php\/about\/#primaryimage"},"thumbnailUrl":"https:\/\/kelnericetours.com\/wp-content\/uploads\/2025\/05\/Brown-And-White-Simple-Universal-Sale-Coupon-Card.png","datePublished":"2025-03-10T14:24:51+00:00","dateModified":"2025-09-08T10:20:00+00:00","description":"Kelneric will take you on a quirky Zagreb themed tour, book your unforgettable experience now! Discover Zagreb in an unique way.","breadcrumb":{"@id":"https:\/\/kelnericetours.com\/index.php\/about\/#breadcrumb"},"inLanguage":"en-US","potentialAction":[{"@type":"ReadAction","target":["https:\/\/kelnericetours.com\/index.php\/about\/"]}]},{"@type":"ImageObject","inLanguage":"en-US","@id":"https:\/\/kelnericetours.com\/index.php\/about\/#primaryimage","url":"https:\/\/kelnericetours.com\/wp-content\/uploads\/2025\/05\/Brown-And-White-Simple-Universal-Sale-Coupon-Card.png","contentUrl":"https:\/\/kelnericetours.com\/wp-content\/uploads\/2025\/05\/Brown-And-White-Simple-Universal-Sale-Coupon-Card.png","width":1800,"height":1200},{"@type":"BreadcrumbList","@id":"https:\/\/kelnericetours.com\/index.php\/about\/#breadcrumb","itemListElement":[{"@type":"ListItem","position":1,"name":"Home","item":"https:\/\/kelnericetours.com\/"},{"@type":"ListItem","position":2,"name":"About Us"}]},{"@type":"WebSite","@id":"https:\/\/kelnericetours.com\/#website","url":"https:\/\/kelnericetours.com\/","name":"Quirkiest Zagreb tours","description":"Explore Zagreb with local quides","publisher":{"@id":"https:\/\/kelnericetours.com\/#organization"},"alternateName":"Kelnerice Tours","potentialAction":[{"@type":"SearchAction","target":{"@type":"EntryPoint","urlTemplate":"https:\/\/kelnericetours.com\/?s={search_term_string}"},"query-input":{"@type":"PropertyValueSpecification","valueRequired":true,"valueName":"search_term_string"}}],"inLanguage":"en-US"},{"@type":"Organization","@id":"https:\/\/kelnericetours.com\/#organization","name":"Quirkiest Zagreb tours","url":"https:\/\/kelnericetours.com\/","logo":{"@type":"ImageObject","inLanguage":"en-US","@id":"https:\/\/kelnericetours.com\/#\/schema\/logo\/image\/","url":"https:\/\/kelnericetours.com\/wp-content\/uploads\/2025\/03\/cropped-veseli-stari-zagreb-2.png","contentUrl":"https:\/\/kelnericetours.com\/wp-content\/uploads\/2025\/03\/cropped-veseli-stari-zagreb-2.png","width":512,"height":512,"caption":"Quirkiest Zagreb tours"},"image":{"@id":"https:\/\/kelnericetours.com\/#\/schema\/logo\/image\/"},"sameAs":["https:\/\/www.facebook.com\/profile.php?id=61565016084373","https:\/\/www.instagram.com\/kelnerice\/","https:\/\/www.tiktok.com\/@kelnericetours"]}]}},"_links":{"self":[{"href":"https:\/\/kelnericetours.com\/index.php\/wp-json\/wp\/v2\/pages\/10","targetHints":{"allow":["GET"]}}],"collection":[{"href":"https:\/\/kelnericetours.com\/index.php\/wp-json\/wp\/v2\/pages"}],"about":[{"href":"https:\/\/kelnericetours.com\/index.php\/wp-json\/wp\/v2\/types\/page"}],"author":[{"embeddable":true,"href":"https:\/\/kelnericetours.com\/index.php\/wp-json\/wp\/v2\/users\/1"}],"replies":[{"embeddable":true,"href":"https:\/\/kelnericetours.com\/index.php\/wp-json\/wp\/v2\/comments?post=10"}],"version-history":[{"count":23,"href":"https:\/\/kelnericetours.com\/index.php\/wp-json\/wp\/v2\/pages\/10\/revisions"}],"predecessor-version":[{"id":316,"href":"https:\/\/kelnericetours.com\/index.php\/wp-json\/wp\/v2\/pages\/10\/revisions\/316"}],"wp:featuredmedia":[{"embeddable":true,"href":"https:\/\/kelnericetours.com\/index.php\/wp-json\/wp\/v2\/media\/264"}],"wp:attachment":[{"href":"https:\/\/kelnericetours.com\/index.php\/wp-json\/wp\/v2\/media?parent=10"}],"curies":[{"name":"wp","href":"https:\/\/api.w.org\/{rel}","templated":true}]}}